{"id":587,"date":"2020-08-05T11:36:49","date_gmt":"2020-08-05T11:36:49","guid":{"rendered":"https:\/\/www.loliercoop.com\/?page_id=587"},"modified":"2020-08-05T11:36:58","modified_gmt":"2020-08-05T11:36:58","slug":"legal-notice-and-privacy-policy","status":"publish","type":"page","link":"https:\/\/www.loliercoop.com\/en\/legal-notice-and-privacy-policy\/","title":{"rendered":"Legal notice and Privacy Policy"},"content":{"rendered":"<p><strong>NOTE: LEGAL TEXT IN CATALAN, IF YOU NEED IT IN ENGLISH, PLEASE FEEL FREE TO CONTACT US<\/strong><\/p>\n<p>1. DADES DEL RESPONSABLE DEL TRACTAMENT<\/p>\n<p>Ra\u00f3 Social: COOP. CAMP ELS TORMS SCCL (en endavant, la &#8220;Empresa&#8221; o el &#8220;responsable&#8221;). CIF: F25003955 Domicili: C \/ MESTRE BENET N\u00ba 2 &#8211; 25164 &#8211; ELS TORMS &#8211; LLEIDA Tel\u00e8fon: 973.128.190 email per comunicacions en mat\u00e8ria de protecci\u00f3 de dades: cooperativa@elstorms.cat<\/p>\n<p>1.1. Normativa aplicable<\/p>\n<p>La nostra Pol\u00edtica de Privacitat s&#8217;ha dissenyat d&#8217;acord amb el Reglament General de Protecci\u00f3 de Dades de la UE 2016\/679 de el Parlament Europeu i de Consell, de 27 d&#8217;abril de 2016, relatiu a la protecci\u00f3 de les persones f\u00edsiques pel que fa a l&#8217; tractament de dades personals ia la lliure circulaci\u00f3 d&#8217;aquestes dades i pel qual es deroga la Directiva 95\/46 \/ CE (Reglament general de protecci\u00f3 de dades), i en el que no contradigui l&#8217;esmentat Reglament, pel que disposa el marc legislatiu espanyol en mat\u00e8ria de protecci\u00f3 de dades de car\u00e0cter personal.<\/p>\n<p>A l&#8217;facilitar-nos les seves dades, vost\u00e8 declara haver llegit i con\u00e8ixer la present Pol\u00edtica de Privadesa, prestant el seu consentiment inequ\u00edvoc i expr\u00e9s a el tractament de les seves dades personals d&#8217;acord a les finalitats i termes aqu\u00ed expressats.<\/p>\n<p>L&#8217;Empresa podr\u00e0 modificar la present Pol\u00edtica de Privacitat per adaptar-la a les novetats legislatives, jurisprudencials o d&#8217;interpretaci\u00f3 de l&#8217;Ag\u00e8ncia Espanyola de Protecci\u00f3 de Dades. Aquestes condicions de privacitat podran ser complementades per l&#8217;Av\u00eds Legal, Pol\u00edtica de Cookies i les condicions generals que, si escau, es recullin per a determinats productes o serveis, si aquest acc\u00e9s suposa alguna especialitat en mat\u00e8ria de protecci\u00f3 de dades de car\u00e0cter personal.<\/p>\n<p>1.2. Delegat de Protecci\u00f3 de Dades<\/p>\n<p>L&#8217;empresa no t\u00e9 Delegat de Protecci\u00f3 de Dades.<\/p>\n<p>2. FINALITAT DEL TRACTAMENT DE LES DADES PERSONALS<\/p>\n<p>El tractament que realitzem de les seves dades personals respon a les seg\u00fcents finalitats:<\/p>\n<p>&#8211; Proporcionar-li informaci\u00f3 relacionada amb els productes i serveis que ofereix la nostra empresa i que detallen en aquest lloc web.<\/p>\n<p>&#8211; Realitzar la contractaci\u00f3 dels nostres serveis mitjan\u00e7ant l&#8217;acceptaci\u00f3 de l&#8217;corresponent pressupost \/ comanda i \/ o la signatura d&#8217;un contracte mercantil.<\/p>\n<p>&#8211; Enviar-per correu electr\u00f2nic i \/ o postal les not\u00edcies i novetats sobre la nostra entitat, aix\u00ed com les actualitzacions del nostre cat\u00e0leg de productes i serveis.<\/p>\n<p>2.1. Termini de Conservaci\u00f3 de les seves dades<\/p>\n<p>Conservarem les seves dades personals des que ens doni el seu consentiment fins que ho revoqui o b\u00e9 sol\u00b7liciti la limitaci\u00f3 de l&#8217;tractament. En aquests casos, mantindrem les seves dades de manera bloquejada durant els terminis legalment exigits.<\/p>\n<p>3. Legitimaci\u00f3 I dades recollides<\/p>\n<p>La legitimaci\u00f3 per al tractament de les seves dades \u00e9s el consentiment expr\u00e9s atorgat mitjan\u00e7ant un acte positiu i afirmatiu (omplir el formulari corresponent i marcar la casella d&#8217;acceptaci\u00f3 d&#8217;aquesta pol\u00edtica) en el moment de facilitar les seves dades personals.<\/p>\n<p>3.1. Consentiment per tractar les seves dades<\/p>\n<p>A l&#8217;omplir els formularis, marcar la casella &#8220;Accepto la Pol\u00edtica de Privadesa&#8221; i fer clic per enviar les dades, o a l&#8217;remetre correus electr\u00f2nics a l&#8217;Empresa a trav\u00e9s dels comptes habilitades a l&#8217;efecte, l&#8217;Usuari manifesta haver llegit i acceptat expressament la present pol\u00edtica de privacitat, i atorga el seu consentiment inequ\u00edvoc i expr\u00e9s a el tractament de les seves dades personals conforme a les finalitats indicades.<\/p>\n<p>3.2. Categories de dades<\/p>\n<p>Les dades que es recullen es refereixen a la categoria de dades identificatives, com poden ser: Nom i cognoms, Tel\u00e8fon, Adre\u00e7a Postal, Empresa, Correu electr\u00f2nic, aix\u00ed com l&#8217;adre\u00e7a IP des d&#8217;on s&#8217;accedeix a l&#8217;formulari de recollida de dades.<\/p>\n<p>4. MESURES DE SEGURETAT<\/p>\n<p>Dins del nostre comprom\u00eds per garantir la seguretat i confidencialitat de les seves dades de car\u00e0cter personal, l&#8217;informem que s&#8217;han adoptat les mesures d&#8217;\u00edndole t\u00e8cnica i organitzatives necess\u00e0ries per garantir la seguretat de les dades de car\u00e0cter personal i evitar la seva alteraci\u00f3, p\u00e8rdua, tractament o acc\u00e9s no autoritzat, tenint en compte l&#8217;estat de la tecnologia, la naturalesa de les dades emmagatzemades i els riscos a qu\u00e8 estiguin exposats, segons l&#8217;Art. 32 de l&#8217;RGPD EU 679\/2016.<\/p>\n<p>5. CESSI\u00d3 DE DADES<\/p>\n<p>No es preveuen cessions de dades ni transfer\u00e8ncies internacionals de les seves dades, a excepci\u00f3 de les autoritzades per la legislaci\u00f3 fiscal, mercantil i de telecomunicacions aix\u00ed com en aquells casos en qu\u00e8 una autoritat judicial ens ho requereixi.<\/p>\n<p>6. DRETS DEL USUARI<\/p>\n<p>Qualsevol interessat t\u00e9 dret a obtenir confirmaci\u00f3 sobre si estem tractant dades personals que li concerneixin, o no. Les persones interessades tenen dret a accedir a les seves dades personals, aix\u00ed com a sol\u00b7licitar la rectificaci\u00f3 de les dades inexactes o, si escau, sol\u00b7licitar la seva supressi\u00f3 quan, entre d&#8217;altres motius, les dades ja no siguin necessaris per als fins que van ser recollides. En determinades circumst\u00e0ncies, els interessats podran sol\u00b7licitar la<\/p>\n","protected":false},"excerpt":{"rendered":"<p>NOTE: LEGAL TEXT IN CATALAN, IF YOU NEED IT IN ENGLISH, PLEASE FEEL FREE TO CONTACT US 1. DADES DEL RESPONSABLE DEL TRACTAMENT Ra\u00f3 Social: COOP. CAMP ELS TORMS SCCL (en endavant, la &#8220;Empresa&#8221; o el &#8220;responsable&#8221;). CIF: F25003955 Domicili: C \/ MESTRE BENET N\u00ba 2 &#8211; 25164 &#8211; ELS TORMS &#8211; LLEIDA Tel\u00e8fon: 973.128.190 [&hellip;]<\/p>\n","protected":false},"author":1,"featured_media":0,"parent":0,"menu_order":0,"comment_status":"closed","ping_status":"closed","template":"page-custom1.php","meta":{"_acf_changed":false,"footnotes":""},"class_list":["post-587","page","type-page","status-publish","hentry"],"acf":[],"yoast_head":"<!-- This site is optimized with the Yoast SEO plugin v27.1.1 - https:\/\/yoast.com\/product\/yoast-seo-wordpress\/ -->\n<title>Legal notice and Privacy Policy - Cooperativa dels Torms - L&#039;Olier<\/title>\n<meta name=\"robots\" content=\"index, follow, max-snippet:-1, max-image-preview:large, max-video-preview:-1\" \/>\n<link rel=\"canonical\" href=\"https:\/\/www.loliercoop.com\/en\/legal-notice-and-privacy-policy\/\" \/>\n<meta property=\"og:locale\" content=\"en_US\" \/>\n<meta property=\"og:type\" content=\"article\" \/>\n<meta property=\"og:title\" content=\"Legal notice and Privacy Policy - Cooperativa dels Torms - L&#039;Olier\" \/>\n<meta property=\"og:description\" content=\"NOTE: LEGAL TEXT IN CATALAN, IF YOU NEED IT IN ENGLISH, PLEASE FEEL FREE TO CONTACT US 1. DADES DEL RESPONSABLE DEL TRACTAMENT Ra\u00f3 Social: COOP. CAMP ELS TORMS SCCL (en endavant, la &#8220;Empresa&#8221; o el &#8220;responsable&#8221;). CIF: F25003955 Domicili: C \/ MESTRE BENET N\u00ba 2 &#8211; 25164 &#8211; ELS TORMS &#8211; LLEIDA Tel\u00e8fon: 973.128.190 [&hellip;]\" \/>\n<meta property=\"og:url\" content=\"https:\/\/www.loliercoop.com\/en\/legal-notice-and-privacy-policy\/\" \/>\n<meta property=\"og:site_name\" content=\"Cooperativa dels Torms - L&#039;Olier\" \/>\n<meta property=\"article:modified_time\" content=\"2020-08-05T11:36:58+00:00\" \/>\n<meta name=\"twitter:card\" content=\"summary_large_image\" \/>\n<meta name=\"twitter:label1\" content=\"Est. reading time\" \/>\n\t<meta name=\"twitter:data1\" content=\"4 minutes\" \/>\n<script type=\"application\/ld+json\" class=\"yoast-schema-graph\">{\"@context\":\"https:\/\/schema.org\",\"@graph\":[{\"@type\":\"WebPage\",\"@id\":\"https:\/\/www.loliercoop.com\/en\/legal-notice-and-privacy-policy\/\",\"url\":\"https:\/\/www.loliercoop.com\/en\/legal-notice-and-privacy-policy\/\",\"name\":\"Legal notice and Privacy Policy - Cooperativa dels Torms - L&#039;Olier\",\"isPartOf\":{\"@id\":\"https:\/\/www.loliercoop.com\/en\/#website\"},\"datePublished\":\"2020-08-05T11:36:49+00:00\",\"dateModified\":\"2020-08-05T11:36:58+00:00\",\"breadcrumb\":{\"@id\":\"https:\/\/www.loliercoop.com\/en\/legal-notice-and-privacy-policy\/#breadcrumb\"},\"inLanguage\":\"en-US\",\"potentialAction\":[{\"@type\":\"ReadAction\",\"target\":[\"https:\/\/www.loliercoop.com\/en\/legal-notice-and-privacy-policy\/\"]}]},{\"@type\":\"BreadcrumbList\",\"@id\":\"https:\/\/www.loliercoop.com\/en\/legal-notice-and-privacy-policy\/#breadcrumb\",\"itemListElement\":[{\"@type\":\"ListItem\",\"position\":1,\"name\":\"Inici\",\"item\":\"https:\/\/www.loliercoop.com\/en\/\"},{\"@type\":\"ListItem\",\"position\":2,\"name\":\"Legal notice and Privacy Policy\"}]},{\"@type\":\"WebSite\",\"@id\":\"https:\/\/www.loliercoop.com\/en\/#website\",\"url\":\"https:\/\/www.loliercoop.com\/en\/\",\"name\":\"Cooperativa dels Torms - L&#039;Olier\",\"description\":\"Oli d&#039;Oliva Verge Extra\",\"potentialAction\":[{\"@type\":\"SearchAction\",\"target\":{\"@type\":\"EntryPoint\",\"urlTemplate\":\"https:\/\/www.loliercoop.com\/en\/?s={search_term_string}\"},\"query-input\":{\"@type\":\"PropertyValueSpecification\",\"valueRequired\":true,\"valueName\":\"search_term_string\"}}],\"inLanguage\":\"en-US\"}]}<\/script>\n<!-- \/ Yoast SEO plugin. -->","yoast_head_json":{"title":"Legal notice and Privacy Policy - Cooperativa dels Torms - L&#039;Olier","robots":{"index":"index","follow":"follow","max-snippet":"max-snippet:-1","max-image-preview":"max-image-preview:large","max-video-preview":"max-video-preview:-1"},"canonical":"https:\/\/www.loliercoop.com\/en\/legal-notice-and-privacy-policy\/","og_locale":"en_US","og_type":"article","og_title":"Legal notice and Privacy Policy - Cooperativa dels Torms - L&#039;Olier","og_description":"NOTE: LEGAL TEXT IN CATALAN, IF YOU NEED IT IN ENGLISH, PLEASE FEEL FREE TO CONTACT US 1. DADES DEL RESPONSABLE DEL TRACTAMENT Ra\u00f3 Social: COOP. CAMP ELS TORMS SCCL (en endavant, la &#8220;Empresa&#8221; o el &#8220;responsable&#8221;). CIF: F25003955 Domicili: C \/ MESTRE BENET N\u00ba 2 &#8211; 25164 &#8211; ELS TORMS &#8211; LLEIDA Tel\u00e8fon: 973.128.190 [&hellip;]","og_url":"https:\/\/www.loliercoop.com\/en\/legal-notice-and-privacy-policy\/","og_site_name":"Cooperativa dels Torms - L&#039;Olier","article_modified_time":"2020-08-05T11:36:58+00:00","twitter_card":"summary_large_image","twitter_misc":{"Est. reading time":"4 minutes"},"schema":{"@context":"https:\/\/schema.org","@graph":[{"@type":"WebPage","@id":"https:\/\/www.loliercoop.com\/en\/legal-notice-and-privacy-policy\/","url":"https:\/\/www.loliercoop.com\/en\/legal-notice-and-privacy-policy\/","name":"Legal notice and Privacy Policy - Cooperativa dels Torms - L&#039;Olier","isPartOf":{"@id":"https:\/\/www.loliercoop.com\/en\/#website"},"datePublished":"2020-08-05T11:36:49+00:00","dateModified":"2020-08-05T11:36:58+00:00","breadcrumb":{"@id":"https:\/\/www.loliercoop.com\/en\/legal-notice-and-privacy-policy\/#breadcrumb"},"inLanguage":"en-US","potentialAction":[{"@type":"ReadAction","target":["https:\/\/www.loliercoop.com\/en\/legal-notice-and-privacy-policy\/"]}]},{"@type":"BreadcrumbList","@id":"https:\/\/www.loliercoop.com\/en\/legal-notice-and-privacy-policy\/#breadcrumb","itemListElement":[{"@type":"ListItem","position":1,"name":"Inici","item":"https:\/\/www.loliercoop.com\/en\/"},{"@type":"ListItem","position":2,"name":"Legal notice and Privacy Policy"}]},{"@type":"WebSite","@id":"https:\/\/www.loliercoop.com\/en\/#website","url":"https:\/\/www.loliercoop.com\/en\/","name":"Cooperativa dels Torms - L&#039;Olier","description":"Oli d&#039;Oliva Verge Extra","potentialAction":[{"@type":"SearchAction","target":{"@type":"EntryPoint","urlTemplate":"https:\/\/www.loliercoop.com\/en\/?s={search_term_string}"},"query-input":{"@type":"PropertyValueSpecification","valueRequired":true,"valueName":"search_term_string"}}],"inLanguage":"en-US"}]}},"_links":{"self":[{"href":"https:\/\/www.loliercoop.com\/en\/wp-json\/wp\/v2\/pages\/587","targetHints":{"allow":["GET"]}}],"collection":[{"href":"https:\/\/www.loliercoop.com\/en\/wp-json\/wp\/v2\/pages"}],"about":[{"href":"https:\/\/www.loliercoop.com\/en\/wp-json\/wp\/v2\/types\/page"}],"author":[{"embeddable":true,"href":"https:\/\/www.loliercoop.com\/en\/wp-json\/wp\/v2\/users\/1"}],"replies":[{"embeddable":true,"href":"https:\/\/www.loliercoop.com\/en\/wp-json\/wp\/v2\/comments?post=587"}],"version-history":[{"count":2,"href":"https:\/\/www.loliercoop.com\/en\/wp-json\/wp\/v2\/pages\/587\/revisions"}],"predecessor-version":[{"id":589,"href":"https:\/\/www.loliercoop.com\/en\/wp-json\/wp\/v2\/pages\/587\/revisions\/589"}],"wp:attachment":[{"href":"https:\/\/www.loliercoop.com\/en\/wp-json\/wp\/v2\/media?parent=587"}],"curies":[{"name":"wp","href":"https:\/\/api.w.org\/{rel}","templated":true}]}}