{"id":5485,"date":"2026-05-11T12:36:21","date_gmt":"2026-05-11T12:36:21","guid":{"rendered":"https:\/\/www.loliercoop.com\/producte\/licor-vi-de-nous\/"},"modified":"2026-05-11T12:36:21","modified_gmt":"2026-05-11T12:36:21","slug":"licor-vi-de-nous","status":"publish","type":"product","link":"https:\/\/www.loliercoop.com\/en\/producte\/licor-vi-de-nous\/","title":{"rendered":"Licor VI DE NOUS"},"content":{"rendered":"<p>Tradicional com la ratafia per\u00f2 m\u00e9s desconegut, el Vi de Nous \u00e9s un licor suau amb base de vi negre i maceraci\u00f3 de nous verdes, sense herbes. Recepta familiar recuperada de l\u2019oblit que sorpr\u00e8n pel seu gust llaminer diferent per\u00f2 que alhora ens connecta amb el nostre passat de pa\u00eds amb cultura de vi. <\/p>\n<p>Ampolla de 70cl, 20\u00ba de volum alcoh\u00f2lic.<\/p>\n","protected":false},"excerpt":{"rendered":"<p>Tradicional com la ratafia per\u00f2 m\u00e9s desconegut, el Vi de Nous \u00e9s un licor suau amb base de vi negre i maceraci\u00f3 de nous verdes, sense herbes. Recepta familiar recuperada de l\u2019oblit que sorpr\u00e8n pel seu gust llaminer diferent per\u00f2 que alhora ens connecta amb el nostre passat de pa\u00eds amb cultura de vi. Ampolla [&hellip;]<\/p>\n","protected":false},"featured_media":5483,"template":"","meta":{"_acf_changed":false},"product_brand":[],"product_cat":[55],"product_tag":[],"class_list":{"0":"post-5485","1":"product","2":"type-product","3":"status-publish","4":"has-post-thumbnail","6":"product_cat-others","8":"first","9":"instock","10":"shipping-taxable","11":"purchasable","12":"product-type-simple"},"acf":[],"yoast_head":"<!-- This site is optimized with the Yoast SEO plugin v27.1.1 - https:\/\/yoast.com\/product\/yoast-seo-wordpress\/ -->\n<title>Licor VI DE NOUS - Cooperativa dels Torms - L&#039;Olier<\/title>\n<meta name=\"robots\" content=\"index, follow, max-snippet:-1, max-image-preview:large, max-video-preview:-1\" \/>\n<link rel=\"canonical\" href=\"https:\/\/www.loliercoop.com\/en\/producte\/licor-vi-de-nous\/\" \/>\n<meta property=\"og:locale\" content=\"en_US\" \/>\n<meta property=\"og:type\" content=\"article\" \/>\n<meta property=\"og:title\" content=\"Licor VI DE NOUS - Cooperativa dels Torms - L&#039;Olier\" \/>\n<meta property=\"og:description\" content=\"Tradicional com la ratafia per\u00f2 m\u00e9s desconegut, el Vi de Nous \u00e9s un licor suau amb base de vi negre i maceraci\u00f3 de nous verdes, sense herbes. Recepta familiar recuperada de l\u2019oblit que sorpr\u00e8n pel seu gust llaminer diferent per\u00f2 que alhora ens connecta amb el nostre passat de pa\u00eds amb cultura de vi. Ampolla [&hellip;]\" \/>\n<meta property=\"og:url\" content=\"https:\/\/www.loliercoop.com\/en\/producte\/licor-vi-de-nous\/\" \/>\n<meta property=\"og:site_name\" content=\"Cooperativa dels Torms - L&#039;Olier\" \/>\n<meta name=\"twitter:card\" content=\"summary_large_image\" \/>\n<script type=\"application\/ld+json\" class=\"yoast-schema-graph\">{\"@context\":\"https:\/\/schema.org\",\"@graph\":[{\"@type\":\"WebPage\",\"@id\":\"https:\/\/www.loliercoop.com\/en\/producte\/licor-vi-de-nous\/\",\"url\":\"https:\/\/www.loliercoop.com\/en\/producte\/licor-vi-de-nous\/\",\"name\":\"Licor VI DE NOUS - Cooperativa dels Torms - L&#039;Olier\",\"isPartOf\":{\"@id\":\"https:\/\/www.loliercoop.com\/en\/#website\"},\"primaryImageOfPage\":{\"@id\":\"https:\/\/www.loliercoop.com\/en\/producte\/licor-vi-de-nous\/#primaryimage\"},\"image\":{\"@id\":\"https:\/\/www.loliercoop.com\/en\/producte\/licor-vi-de-nous\/#primaryimage\"},\"thumbnailUrl\":\"https:\/\/www.loliercoop.com\/wp-content\/uploads\/2026\/05\/VIDENOUS_70CL-Vi-de-Nous_botiga-online.png\",\"datePublished\":\"2026-05-11T12:36:21+00:00\",\"breadcrumb\":{\"@id\":\"https:\/\/www.loliercoop.com\/en\/producte\/licor-vi-de-nous\/#breadcrumb\"},\"inLanguage\":\"en-US\",\"potentialAction\":[{\"@type\":\"ReadAction\",\"target\":[\"https:\/\/www.loliercoop.com\/en\/producte\/licor-vi-de-nous\/\"]}]},{\"@type\":\"ImageObject\",\"inLanguage\":\"en-US\",\"@id\":\"https:\/\/www.loliercoop.com\/en\/producte\/licor-vi-de-nous\/#primaryimage\",\"url\":\"https:\/\/www.loliercoop.com\/wp-content\/uploads\/2026\/05\/VIDENOUS_70CL-Vi-de-Nous_botiga-online.png\",\"contentUrl\":\"https:\/\/www.loliercoop.com\/wp-content\/uploads\/2026\/05\/VIDENOUS_70CL-Vi-de-Nous_botiga-online.png\",\"width\":2249,\"height\":1672},{\"@type\":\"BreadcrumbList\",\"@id\":\"https:\/\/www.loliercoop.com\/en\/producte\/licor-vi-de-nous\/#breadcrumb\",\"itemListElement\":[{\"@type\":\"ListItem\",\"position\":1,\"name\":\"Inici\",\"item\":\"https:\/\/www.loliercoop.com\/en\/\"},{\"@type\":\"ListItem\",\"position\":2,\"name\":\"Botiga online\",\"item\":\"https:\/\/www.loliercoop.com\/botiga-online\/\"},{\"@type\":\"ListItem\",\"position\":3,\"name\":\"Licor VI DE NOUS\"}]},{\"@type\":\"WebSite\",\"@id\":\"https:\/\/www.loliercoop.com\/en\/#website\",\"url\":\"https:\/\/www.loliercoop.com\/en\/\",\"name\":\"Cooperativa dels Torms - L&#039;Olier\",\"description\":\"Oli d&#039;Oliva Verge Extra\",\"potentialAction\":[{\"@type\":\"SearchAction\",\"target\":{\"@type\":\"EntryPoint\",\"urlTemplate\":\"https:\/\/www.loliercoop.com\/en\/?s={search_term_string}\"},\"query-input\":{\"@type\":\"PropertyValueSpecification\",\"valueRequired\":true,\"valueName\":\"search_term_string\"}}],\"inLanguage\":\"en-US\"}]}<\/script>\n<!-- \/ Yoast SEO plugin. -->","yoast_head_json":{"title":"Licor VI DE NOUS - Cooperativa dels Torms - L&#039;Olier","robots":{"index":"index","follow":"follow","max-snippet":"max-snippet:-1","max-image-preview":"max-image-preview:large","max-video-preview":"max-video-preview:-1"},"canonical":"https:\/\/www.loliercoop.com\/en\/producte\/licor-vi-de-nous\/","og_locale":"en_US","og_type":"article","og_title":"Licor VI DE NOUS - Cooperativa dels Torms - L&#039;Olier","og_description":"Tradicional com la ratafia per\u00f2 m\u00e9s desconegut, el Vi de Nous \u00e9s un licor suau amb base de vi negre i maceraci\u00f3 de nous verdes, sense herbes. Recepta familiar recuperada de l\u2019oblit que sorpr\u00e8n pel seu gust llaminer diferent per\u00f2 que alhora ens connecta amb el nostre passat de pa\u00eds amb cultura de vi. Ampolla [&hellip;]","og_url":"https:\/\/www.loliercoop.com\/en\/producte\/licor-vi-de-nous\/","og_site_name":"Cooperativa dels Torms - L&#039;Olier","twitter_card":"summary_large_image","schema":{"@context":"https:\/\/schema.org","@graph":[{"@type":"WebPage","@id":"https:\/\/www.loliercoop.com\/en\/producte\/licor-vi-de-nous\/","url":"https:\/\/www.loliercoop.com\/en\/producte\/licor-vi-de-nous\/","name":"Licor VI DE NOUS - Cooperativa dels Torms - L&#039;Olier","isPartOf":{"@id":"https:\/\/www.loliercoop.com\/en\/#website"},"primaryImageOfPage":{"@id":"https:\/\/www.loliercoop.com\/en\/producte\/licor-vi-de-nous\/#primaryimage"},"image":{"@id":"https:\/\/www.loliercoop.com\/en\/producte\/licor-vi-de-nous\/#primaryimage"},"thumbnailUrl":"https:\/\/www.loliercoop.com\/wp-content\/uploads\/2026\/05\/VIDENOUS_70CL-Vi-de-Nous_botiga-online.png","datePublished":"2026-05-11T12:36:21+00:00","breadcrumb":{"@id":"https:\/\/www.loliercoop.com\/en\/producte\/licor-vi-de-nous\/#breadcrumb"},"inLanguage":"en-US","potentialAction":[{"@type":"ReadAction","target":["https:\/\/www.loliercoop.com\/en\/producte\/licor-vi-de-nous\/"]}]},{"@type":"ImageObject","inLanguage":"en-US","@id":"https:\/\/www.loliercoop.com\/en\/producte\/licor-vi-de-nous\/#primaryimage","url":"https:\/\/www.loliercoop.com\/wp-content\/uploads\/2026\/05\/VIDENOUS_70CL-Vi-de-Nous_botiga-online.png","contentUrl":"https:\/\/www.loliercoop.com\/wp-content\/uploads\/2026\/05\/VIDENOUS_70CL-Vi-de-Nous_botiga-online.png","width":2249,"height":1672},{"@type":"BreadcrumbList","@id":"https:\/\/www.loliercoop.com\/en\/producte\/licor-vi-de-nous\/#breadcrumb","itemListElement":[{"@type":"ListItem","position":1,"name":"Inici","item":"https:\/\/www.loliercoop.com\/en\/"},{"@type":"ListItem","position":2,"name":"Botiga online","item":"https:\/\/www.loliercoop.com\/botiga-online\/"},{"@type":"ListItem","position":3,"name":"Licor VI DE NOUS"}]},{"@type":"WebSite","@id":"https:\/\/www.loliercoop.com\/en\/#website","url":"https:\/\/www.loliercoop.com\/en\/","name":"Cooperativa dels Torms - L&#039;Olier","description":"Oli d&#039;Oliva Verge Extra","potentialAction":[{"@type":"SearchAction","target":{"@type":"EntryPoint","urlTemplate":"https:\/\/www.loliercoop.com\/en\/?s={search_term_string}"},"query-input":{"@type":"PropertyValueSpecification","valueRequired":true,"valueName":"search_term_string"}}],"inLanguage":"en-US"}]}},"_links":{"self":[{"href":"https:\/\/www.loliercoop.com\/en\/wp-json\/wp\/v2\/product\/5485","targetHints":{"allow":["GET"]}}],"collection":[{"href":"https:\/\/www.loliercoop.com\/en\/wp-json\/wp\/v2\/product"}],"about":[{"href":"https:\/\/www.loliercoop.com\/en\/wp-json\/wp\/v2\/types\/product"}],"wp:featuredmedia":[{"embeddable":true,"href":"https:\/\/www.loliercoop.com\/en\/wp-json\/wp\/v2\/media\/5483"}],"wp:attachment":[{"href":"https:\/\/www.loliercoop.com\/en\/wp-json\/wp\/v2\/media?parent=5485"}],"wp:term":[{"taxonomy":"product_brand","embeddable":true,"href":"https:\/\/www.loliercoop.com\/en\/wp-json\/wp\/v2\/product_brand?post=5485"},{"taxonomy":"product_cat","embeddable":true,"href":"https:\/\/www.loliercoop.com\/en\/wp-json\/wp\/v2\/product_cat?post=5485"},{"taxonomy":"product_tag","embeddable":true,"href":"https:\/\/www.loliercoop.com\/en\/wp-json\/wp\/v2\/product_tag?post=5485"}],"curies":[{"name":"wp","href":"https:\/\/api.w.org\/{rel}","templated":true}]}}