{"id":5494,"date":"2026-05-11T12:43:22","date_gmt":"2026-05-11T12:43:22","guid":{"rendered":"https:\/\/www.loliercoop.com\/producte\/ratafia-ecologica-nva\/"},"modified":"2026-05-11T12:43:22","modified_gmt":"2026-05-11T12:43:22","slug":"ratafia-ecologica-nva","status":"publish","type":"product","link":"https:\/\/www.loliercoop.com\/en\/producte\/ratafia-ecologica-nva\/","title":{"rendered":"Ratafia ecol\u00f2gica NVA"},"content":{"rendered":"<p>Aquesta ratafia artesana ecol\u00f2gica est\u00e0 vestida nom\u00e9s de plantes aut\u00f2ctones de Ponent, de l\u2019edulcorant just (nom\u00e9s 140g\/litre provinents de most concentrat rectificat; no porta sucres refinats), de passi\u00f3 pel territori i de qualitat. Amb un gust suau i equilibrat que evoca un paisatge \u00fanic.<\/p>\n<p>Ampolla de 70cl, 24\u00ba de volum alcoh\u00f2lic.<\/p>\n","protected":false},"excerpt":{"rendered":"<p>Aquesta ratafia artesana ecol\u00f2gica est\u00e0 vestida nom\u00e9s de plantes aut\u00f2ctones de Ponent, de l\u2019edulcorant just (nom\u00e9s 140g\/litre provinents de most concentrat rectificat; no porta sucres refinats), de passi\u00f3 pel territori i de qualitat. Amb un gust suau i equilibrat que evoca un paisatge \u00fanic. Ampolla de 70cl, 24\u00ba de volum alcoh\u00f2lic.<\/p>\n","protected":false},"featured_media":5492,"template":"","meta":{"_acf_changed":false},"product_brand":[],"product_cat":[55],"product_tag":[],"class_list":{"0":"post-5494","1":"product","2":"type-product","3":"status-publish","4":"has-post-thumbnail","6":"product_cat-others","8":"first","9":"instock","10":"shipping-taxable","11":"purchasable","12":"product-type-simple"},"acf":[],"yoast_head":"<!-- This site is optimized with the Yoast SEO plugin v27.1.1 - https:\/\/yoast.com\/product\/yoast-seo-wordpress\/ -->\n<title>Ratafia ecol\u00f2gica NVA - Cooperativa dels Torms - L&#039;Olier<\/title>\n<meta name=\"robots\" content=\"index, follow, max-snippet:-1, max-image-preview:large, max-video-preview:-1\" \/>\n<link rel=\"canonical\" href=\"https:\/\/www.loliercoop.com\/en\/producte\/ratafia-ecologica-nva\/\" \/>\n<meta property=\"og:locale\" content=\"en_US\" \/>\n<meta property=\"og:type\" content=\"article\" \/>\n<meta property=\"og:title\" content=\"Ratafia ecol\u00f2gica NVA - Cooperativa dels Torms - L&#039;Olier\" \/>\n<meta property=\"og:description\" content=\"Aquesta ratafia artesana ecol\u00f2gica est\u00e0 vestida nom\u00e9s de plantes aut\u00f2ctones de Ponent, de l\u2019edulcorant just (nom\u00e9s 140g\/litre provinents de most concentrat rectificat; no porta sucres refinats), de passi\u00f3 pel territori i de qualitat. Amb un gust suau i equilibrat que evoca un paisatge \u00fanic. Ampolla de 70cl, 24\u00ba de volum alcoh\u00f2lic.\" \/>\n<meta property=\"og:url\" content=\"https:\/\/www.loliercoop.com\/en\/producte\/ratafia-ecologica-nva\/\" \/>\n<meta property=\"og:site_name\" content=\"Cooperativa dels Torms - L&#039;Olier\" \/>\n<meta name=\"twitter:card\" content=\"summary_large_image\" \/>\n<script type=\"application\/ld+json\" class=\"yoast-schema-graph\">{\"@context\":\"https:\/\/schema.org\",\"@graph\":[{\"@type\":\"WebPage\",\"@id\":\"https:\/\/www.loliercoop.com\/en\/producte\/ratafia-ecologica-nva\/\",\"url\":\"https:\/\/www.loliercoop.com\/en\/producte\/ratafia-ecologica-nva\/\",\"name\":\"Ratafia ecol\u00f2gica NVA - Cooperativa dels Torms - L&#039;Olier\",\"isPartOf\":{\"@id\":\"https:\/\/www.loliercoop.com\/en\/#website\"},\"primaryImageOfPage\":{\"@id\":\"https:\/\/www.loliercoop.com\/en\/producte\/ratafia-ecologica-nva\/#primaryimage\"},\"image\":{\"@id\":\"https:\/\/www.loliercoop.com\/en\/producte\/ratafia-ecologica-nva\/#primaryimage\"},\"thumbnailUrl\":\"https:\/\/www.loliercoop.com\/wp-content\/uploads\/2026\/05\/Ratafia_ECO-1.png\",\"datePublished\":\"2026-05-11T12:43:22+00:00\",\"breadcrumb\":{\"@id\":\"https:\/\/www.loliercoop.com\/en\/producte\/ratafia-ecologica-nva\/#breadcrumb\"},\"inLanguage\":\"en-US\",\"potentialAction\":[{\"@type\":\"ReadAction\",\"target\":[\"https:\/\/www.loliercoop.com\/en\/producte\/ratafia-ecologica-nva\/\"]}]},{\"@type\":\"ImageObject\",\"inLanguage\":\"en-US\",\"@id\":\"https:\/\/www.loliercoop.com\/en\/producte\/ratafia-ecologica-nva\/#primaryimage\",\"url\":\"https:\/\/www.loliercoop.com\/wp-content\/uploads\/2026\/05\/Ratafia_ECO-1.png\",\"contentUrl\":\"https:\/\/www.loliercoop.com\/wp-content\/uploads\/2026\/05\/Ratafia_ECO-1.png\",\"width\":660,\"height\":487},{\"@type\":\"BreadcrumbList\",\"@id\":\"https:\/\/www.loliercoop.com\/en\/producte\/ratafia-ecologica-nva\/#breadcrumb\",\"itemListElement\":[{\"@type\":\"ListItem\",\"position\":1,\"name\":\"Inici\",\"item\":\"https:\/\/www.loliercoop.com\/en\/\"},{\"@type\":\"ListItem\",\"position\":2,\"name\":\"Botiga online\",\"item\":\"https:\/\/www.loliercoop.com\/botiga-online\/\"},{\"@type\":\"ListItem\",\"position\":3,\"name\":\"Ratafia ecol\u00f2gica NVA\"}]},{\"@type\":\"WebSite\",\"@id\":\"https:\/\/www.loliercoop.com\/en\/#website\",\"url\":\"https:\/\/www.loliercoop.com\/en\/\",\"name\":\"Cooperativa dels Torms - L&#039;Olier\",\"description\":\"Oli d&#039;Oliva Verge Extra\",\"potentialAction\":[{\"@type\":\"SearchAction\",\"target\":{\"@type\":\"EntryPoint\",\"urlTemplate\":\"https:\/\/www.loliercoop.com\/en\/?s={search_term_string}\"},\"query-input\":{\"@type\":\"PropertyValueSpecification\",\"valueRequired\":true,\"valueName\":\"search_term_string\"}}],\"inLanguage\":\"en-US\"}]}<\/script>\n<!-- \/ Yoast SEO plugin. -->","yoast_head_json":{"title":"Ratafia ecol\u00f2gica NVA - Cooperativa dels Torms - L&#039;Olier","robots":{"index":"index","follow":"follow","max-snippet":"max-snippet:-1","max-image-preview":"max-image-preview:large","max-video-preview":"max-video-preview:-1"},"canonical":"https:\/\/www.loliercoop.com\/en\/producte\/ratafia-ecologica-nva\/","og_locale":"en_US","og_type":"article","og_title":"Ratafia ecol\u00f2gica NVA - Cooperativa dels Torms - L&#039;Olier","og_description":"Aquesta ratafia artesana ecol\u00f2gica est\u00e0 vestida nom\u00e9s de plantes aut\u00f2ctones de Ponent, de l\u2019edulcorant just (nom\u00e9s 140g\/litre provinents de most concentrat rectificat; no porta sucres refinats), de passi\u00f3 pel territori i de qualitat. Amb un gust suau i equilibrat que evoca un paisatge \u00fanic. Ampolla de 70cl, 24\u00ba de volum alcoh\u00f2lic.","og_url":"https:\/\/www.loliercoop.com\/en\/producte\/ratafia-ecologica-nva\/","og_site_name":"Cooperativa dels Torms - L&#039;Olier","twitter_card":"summary_large_image","schema":{"@context":"https:\/\/schema.org","@graph":[{"@type":"WebPage","@id":"https:\/\/www.loliercoop.com\/en\/producte\/ratafia-ecologica-nva\/","url":"https:\/\/www.loliercoop.com\/en\/producte\/ratafia-ecologica-nva\/","name":"Ratafia ecol\u00f2gica NVA - Cooperativa dels Torms - L&#039;Olier","isPartOf":{"@id":"https:\/\/www.loliercoop.com\/en\/#website"},"primaryImageOfPage":{"@id":"https:\/\/www.loliercoop.com\/en\/producte\/ratafia-ecologica-nva\/#primaryimage"},"image":{"@id":"https:\/\/www.loliercoop.com\/en\/producte\/ratafia-ecologica-nva\/#primaryimage"},"thumbnailUrl":"https:\/\/www.loliercoop.com\/wp-content\/uploads\/2026\/05\/Ratafia_ECO-1.png","datePublished":"2026-05-11T12:43:22+00:00","breadcrumb":{"@id":"https:\/\/www.loliercoop.com\/en\/producte\/ratafia-ecologica-nva\/#breadcrumb"},"inLanguage":"en-US","potentialAction":[{"@type":"ReadAction","target":["https:\/\/www.loliercoop.com\/en\/producte\/ratafia-ecologica-nva\/"]}]},{"@type":"ImageObject","inLanguage":"en-US","@id":"https:\/\/www.loliercoop.com\/en\/producte\/ratafia-ecologica-nva\/#primaryimage","url":"https:\/\/www.loliercoop.com\/wp-content\/uploads\/2026\/05\/Ratafia_ECO-1.png","contentUrl":"https:\/\/www.loliercoop.com\/wp-content\/uploads\/2026\/05\/Ratafia_ECO-1.png","width":660,"height":487},{"@type":"BreadcrumbList","@id":"https:\/\/www.loliercoop.com\/en\/producte\/ratafia-ecologica-nva\/#breadcrumb","itemListElement":[{"@type":"ListItem","position":1,"name":"Inici","item":"https:\/\/www.loliercoop.com\/en\/"},{"@type":"ListItem","position":2,"name":"Botiga online","item":"https:\/\/www.loliercoop.com\/botiga-online\/"},{"@type":"ListItem","position":3,"name":"Ratafia ecol\u00f2gica NVA"}]},{"@type":"WebSite","@id":"https:\/\/www.loliercoop.com\/en\/#website","url":"https:\/\/www.loliercoop.com\/en\/","name":"Cooperativa dels Torms - L&#039;Olier","description":"Oli d&#039;Oliva Verge Extra","potentialAction":[{"@type":"SearchAction","target":{"@type":"EntryPoint","urlTemplate":"https:\/\/www.loliercoop.com\/en\/?s={search_term_string}"},"query-input":{"@type":"PropertyValueSpecification","valueRequired":true,"valueName":"search_term_string"}}],"inLanguage":"en-US"}]}},"_links":{"self":[{"href":"https:\/\/www.loliercoop.com\/en\/wp-json\/wp\/v2\/product\/5494","targetHints":{"allow":["GET"]}}],"collection":[{"href":"https:\/\/www.loliercoop.com\/en\/wp-json\/wp\/v2\/product"}],"about":[{"href":"https:\/\/www.loliercoop.com\/en\/wp-json\/wp\/v2\/types\/product"}],"wp:featuredmedia":[{"embeddable":true,"href":"https:\/\/www.loliercoop.com\/en\/wp-json\/wp\/v2\/media\/5492"}],"wp:attachment":[{"href":"https:\/\/www.loliercoop.com\/en\/wp-json\/wp\/v2\/media?parent=5494"}],"wp:term":[{"taxonomy":"product_brand","embeddable":true,"href":"https:\/\/www.loliercoop.com\/en\/wp-json\/wp\/v2\/product_brand?post=5494"},{"taxonomy":"product_cat","embeddable":true,"href":"https:\/\/www.loliercoop.com\/en\/wp-json\/wp\/v2\/product_cat?post=5494"},{"taxonomy":"product_tag","embeddable":true,"href":"https:\/\/www.loliercoop.com\/en\/wp-json\/wp\/v2\/product_tag?post=5494"}],"curies":[{"name":"wp","href":"https:\/\/api.w.org\/{rel}","templated":true}]}}