{"id":4515,"date":"2023-10-06T15:06:30","date_gmt":"2023-10-06T15:06:30","guid":{"rendered":"https:\/\/www.loliercoop.com\/canal-etico\/"},"modified":"2023-10-06T15:06:32","modified_gmt":"2023-10-06T15:06:32","slug":"canal-etico","status":"publish","type":"page","link":"https:\/\/www.loliercoop.com\/es\/canal-etico\/","title":{"rendered":"Canal \u00c9tico"},"content":{"rendered":"<p>El Canal \u00c9tico se rige por los principios de confidencialidad, respeto y veracidad.<br \/>\nToda persona que comunique o denuncie de buena fe gozar\u00e1 de la debida protecci\u00f3n conforme a lo establecido en la normativa aplicable.<\/p>\n<p>Espec\u00edficamente, toda persona trabajadora de Campo y Secci\u00f3n de Cr\u00e9dito dels Torms, SCCL u otro sujeto protegido por la normativa, que utilice de buena fe el Canal \u00c9tico para denunciar eventuales irregularidades, ya sea de forma an\u00f3nima o de forma confidencial, tendr\u00e1 derecho a ser protegido tal y como se establece en la Ley 2\/2023, de 20 de febrero, reguladora de la protecci\u00f3n de las personas que informan sobre infracciones normativas y de lucha contra la corrupci\u00f3n, y normativa de aplicaci\u00f3n.<\/p>\n<p>El Canal \u00c9tico se ha dise\u00f1ado para que el denunciante que quiera mantenerse en el anonimato pueda hacerlo con las garant\u00edas suficientes.<\/p>\n<p>Cualquier acci\u00f3n contra la persona denunciante, que pueda entenderse como una amenaza, discriminaci\u00f3n o represalia para efectuar una denuncia, tendr\u00e1 consideraci\u00f3n de infracci\u00f3n a la Ley 2\/2023, de 20 de febrero, reguladora de la protecci\u00f3n de las personas que informan sobre infracciones normativas y de lucha contra la corrupci\u00f3n, tramit\u00e1ndose de acuerdo con la legislaci\u00f3n que resulte de aplicaci\u00f3n.<\/p>\n<p>Tambi\u00e9n se velar\u00e1 por la confidencialidad del informante en el supuesto de que no haya utilizado el canal interno previsto y\/o haya informado a personas distintas de responsable del sistema.<\/p>\n<p>De forma m\u00e1s concreta, algunos de los principales derechos del informante previstos son los siguientes:<\/p>\n<p>\u2022 El derecho a no formular denuncia a trav\u00e9s del sistema interno y optar directamente por el canal externo de informaci\u00f3n (art. 16).<br \/>\n\u2022 El derecho a denunciar identific\u00e1ndose o an\u00f3nimamente, por escrito o verbalmente (art. 7).<br \/>\n\u2022 El derecho a acuse de recibo de la comunicaci\u00f3n [art. 9.2.c)].<br \/>\n\u2022 El derecho a la confidencialidad en caso de utilizar otra v\u00eda de comunicaci\u00f3n distinta al sistema interno [art. 9.2.g)].<br \/>\n\u2022 El derecho a recibir comunicaci\u00f3n del env\u00edo de la denuncia a la Autoridad Independiente de Protecci\u00f3n del Informante (art. 23) y de la revelaci\u00f3n de sus datos confidenciales (art. 33.3).<br \/>\n\u2022 El derecho a que su identidad no sea revelada a terceras personas ya que no se puedan obtener datos que permitan su identificaci\u00f3n (art. 33.1 y .2).<\/p>\n<p>Estos derechos tendr\u00e1n que ser garantizados a nivel interno, por parte del personal encargado del sistema.<\/p>\n<p><a class=\"btn btn-primary\" href=\"https:\/\/whistleblowersoftware.com\/secure\/canaleticelstormscoop\" rel=\"noopener\" target=\"_blank\"><span style=\"color:white!important\">Acceda al Canal \u00c9tico aqu\u00ed<\/span><\/a><\/p>\n<p><a class=\"btn btn-primary\" href=\"https:\/\/www.loliercoop.com\/wp-content\/uploads\/2023\/10\/ELS-TORMS-Codi-etic-130923.pdf\" rel=\"noopener\" target=\"_blank\"><span style=\"color:white!important\">Descargue el c\u00f3digo \u00c9tico aqu\u00ed<\/span><\/a><\/p>\n<p><a class=\"btn btn-primary\" href=\"https:\/\/www.loliercoop.com\/wp-content\/uploads\/2023\/10\/ELS-TORMS-Politica-de-gestio-canal-etic-250923.pdf\" rel=\"noopener\" target=\"_blank\"><span style=\"color:white!important\">Descargue la Pol\u00edtica de gesti\u00f3n del canal \u00e9tico aqu\u00ed<\/span><\/a><\/p>\n<p><strong>Buz\u00f3n de sugerencias<\/strong><br \/>\n<p class=\"wpcf7-contact-form-not-found\"><strong>Error:<\/strong> Formulario de contacto no encontrado.<\/p><\/p>\n","protected":false},"excerpt":{"rendered":"<p>El Canal \u00c9tico se rige por los principios de confidencialidad, respeto y veracidad. Toda persona que comunique o denuncie de buena fe gozar\u00e1 de la debida protecci\u00f3n conforme a lo establecido en la normativa aplicable. Espec\u00edficamente, toda persona trabajadora de Campo y Secci\u00f3n de Cr\u00e9dito dels Torms, SCCL u otro sujeto protegido por la normativa, [&hellip;]<\/p>\n","protected":false},"author":1,"featured_media":0,"parent":0,"menu_order":0,"comment_status":"closed","ping_status":"closed","template":"","meta":{"_acf_changed":false,"footnotes":""},"class_list":["post-4515","page","type-page","status-publish","hentry"],"acf":[],"yoast_head":"<!-- This site is optimized with the Yoast SEO plugin v27.1.1 - https:\/\/yoast.com\/product\/yoast-seo-wordpress\/ -->\n<title>Canal \u00c9tico - Cooperativa dels Torms - L&#039;Olier<\/title>\n<meta name=\"robots\" content=\"index, follow, max-snippet:-1, max-image-preview:large, max-video-preview:-1\" \/>\n<link rel=\"canonical\" href=\"https:\/\/www.loliercoop.com\/es\/canal-etico\/\" \/>\n<meta property=\"og:locale\" content=\"es_ES\" \/>\n<meta property=\"og:type\" content=\"article\" \/>\n<meta property=\"og:title\" content=\"Canal \u00c9tico - Cooperativa dels Torms - L&#039;Olier\" \/>\n<meta property=\"og:description\" content=\"El Canal \u00c9tico se rige por los principios de confidencialidad, respeto y veracidad. Toda persona que comunique o denuncie de buena fe gozar\u00e1 de la debida protecci\u00f3n conforme a lo establecido en la normativa aplicable. Espec\u00edficamente, toda persona trabajadora de Campo y Secci\u00f3n de Cr\u00e9dito dels Torms, SCCL u otro sujeto protegido por la normativa, [&hellip;]\" \/>\n<meta property=\"og:url\" content=\"https:\/\/www.loliercoop.com\/es\/canal-etico\/\" \/>\n<meta property=\"og:site_name\" content=\"Cooperativa dels Torms - L&#039;Olier\" \/>\n<meta property=\"article:modified_time\" content=\"2023-10-06T15:06:32+00:00\" \/>\n<meta name=\"twitter:card\" content=\"summary_large_image\" \/>\n<meta name=\"twitter:label1\" content=\"Tiempo de lectura\" \/>\n\t<meta name=\"twitter:data1\" content=\"2 minutos\" \/>\n<script type=\"application\/ld+json\" class=\"yoast-schema-graph\">{\"@context\":\"https:\/\/schema.org\",\"@graph\":[{\"@type\":\"WebPage\",\"@id\":\"https:\/\/www.loliercoop.com\/es\/canal-etico\/\",\"url\":\"https:\/\/www.loliercoop.com\/es\/canal-etico\/\",\"name\":\"Canal \u00c9tico - Cooperativa dels Torms - L&#039;Olier\",\"isPartOf\":{\"@id\":\"https:\/\/www.loliercoop.com\/es\/#website\"},\"datePublished\":\"2023-10-06T15:06:30+00:00\",\"dateModified\":\"2023-10-06T15:06:32+00:00\",\"breadcrumb\":{\"@id\":\"https:\/\/www.loliercoop.com\/es\/canal-etico\/#breadcrumb\"},\"inLanguage\":\"es\",\"potentialAction\":[{\"@type\":\"ReadAction\",\"target\":[\"https:\/\/www.loliercoop.com\/es\/canal-etico\/\"]}]},{\"@type\":\"BreadcrumbList\",\"@id\":\"https:\/\/www.loliercoop.com\/es\/canal-etico\/#breadcrumb\",\"itemListElement\":[{\"@type\":\"ListItem\",\"position\":1,\"name\":\"Inici\",\"item\":\"https:\/\/www.loliercoop.com\/es\/\"},{\"@type\":\"ListItem\",\"position\":2,\"name\":\"Canal \u00c9tico\"}]},{\"@type\":\"WebSite\",\"@id\":\"https:\/\/www.loliercoop.com\/es\/#website\",\"url\":\"https:\/\/www.loliercoop.com\/es\/\",\"name\":\"Cooperativa dels Torms - L&#039;Olier\",\"description\":\"Oli d&#039;Oliva Verge Extra\",\"potentialAction\":[{\"@type\":\"SearchAction\",\"target\":{\"@type\":\"EntryPoint\",\"urlTemplate\":\"https:\/\/www.loliercoop.com\/es\/?s={search_term_string}\"},\"query-input\":{\"@type\":\"PropertyValueSpecification\",\"valueRequired\":true,\"valueName\":\"search_term_string\"}}],\"inLanguage\":\"es\"}]}<\/script>\n<!-- \/ Yoast SEO plugin. -->","yoast_head_json":{"title":"Canal \u00c9tico - Cooperativa dels Torms - L&#039;Olier","robots":{"index":"index","follow":"follow","max-snippet":"max-snippet:-1","max-image-preview":"max-image-preview:large","max-video-preview":"max-video-preview:-1"},"canonical":"https:\/\/www.loliercoop.com\/es\/canal-etico\/","og_locale":"es_ES","og_type":"article","og_title":"Canal \u00c9tico - Cooperativa dels Torms - L&#039;Olier","og_description":"El Canal \u00c9tico se rige por los principios de confidencialidad, respeto y veracidad. Toda persona que comunique o denuncie de buena fe gozar\u00e1 de la debida protecci\u00f3n conforme a lo establecido en la normativa aplicable. Espec\u00edficamente, toda persona trabajadora de Campo y Secci\u00f3n de Cr\u00e9dito dels Torms, SCCL u otro sujeto protegido por la normativa, [&hellip;]","og_url":"https:\/\/www.loliercoop.com\/es\/canal-etico\/","og_site_name":"Cooperativa dels Torms - L&#039;Olier","article_modified_time":"2023-10-06T15:06:32+00:00","twitter_card":"summary_large_image","twitter_misc":{"Tiempo de lectura":"2 minutos"},"schema":{"@context":"https:\/\/schema.org","@graph":[{"@type":"WebPage","@id":"https:\/\/www.loliercoop.com\/es\/canal-etico\/","url":"https:\/\/www.loliercoop.com\/es\/canal-etico\/","name":"Canal \u00c9tico - Cooperativa dels Torms - L&#039;Olier","isPartOf":{"@id":"https:\/\/www.loliercoop.com\/es\/#website"},"datePublished":"2023-10-06T15:06:30+00:00","dateModified":"2023-10-06T15:06:32+00:00","breadcrumb":{"@id":"https:\/\/www.loliercoop.com\/es\/canal-etico\/#breadcrumb"},"inLanguage":"es","potentialAction":[{"@type":"ReadAction","target":["https:\/\/www.loliercoop.com\/es\/canal-etico\/"]}]},{"@type":"BreadcrumbList","@id":"https:\/\/www.loliercoop.com\/es\/canal-etico\/#breadcrumb","itemListElement":[{"@type":"ListItem","position":1,"name":"Inici","item":"https:\/\/www.loliercoop.com\/es\/"},{"@type":"ListItem","position":2,"name":"Canal \u00c9tico"}]},{"@type":"WebSite","@id":"https:\/\/www.loliercoop.com\/es\/#website","url":"https:\/\/www.loliercoop.com\/es\/","name":"Cooperativa dels Torms - L&#039;Olier","description":"Oli d&#039;Oliva Verge Extra","potentialAction":[{"@type":"SearchAction","target":{"@type":"EntryPoint","urlTemplate":"https:\/\/www.loliercoop.com\/es\/?s={search_term_string}"},"query-input":{"@type":"PropertyValueSpecification","valueRequired":true,"valueName":"search_term_string"}}],"inLanguage":"es"}]}},"_links":{"self":[{"href":"https:\/\/www.loliercoop.com\/es\/wp-json\/wp\/v2\/pages\/4515","targetHints":{"allow":["GET"]}}],"collection":[{"href":"https:\/\/www.loliercoop.com\/es\/wp-json\/wp\/v2\/pages"}],"about":[{"href":"https:\/\/www.loliercoop.com\/es\/wp-json\/wp\/v2\/types\/page"}],"author":[{"embeddable":true,"href":"https:\/\/www.loliercoop.com\/es\/wp-json\/wp\/v2\/users\/1"}],"replies":[{"embeddable":true,"href":"https:\/\/www.loliercoop.com\/es\/wp-json\/wp\/v2\/comments?post=4515"}],"version-history":[{"count":1,"href":"https:\/\/www.loliercoop.com\/es\/wp-json\/wp\/v2\/pages\/4515\/revisions"}],"predecessor-version":[{"id":4516,"href":"https:\/\/www.loliercoop.com\/es\/wp-json\/wp\/v2\/pages\/4515\/revisions\/4516"}],"wp:attachment":[{"href":"https:\/\/www.loliercoop.com\/es\/wp-json\/wp\/v2\/media?parent=4515"}],"curies":[{"name":"wp","href":"https:\/\/api.w.org\/{rel}","templated":true}]}}