{"id":457,"date":"2020-07-20T08:49:27","date_gmt":"2020-07-20T08:49:27","guid":{"rendered":"https:\/\/www.loliercoop.com\/?page_id=457"},"modified":"2023-11-23T08:56:05","modified_gmt":"2023-11-23T08:56:05","slug":"condiciones-de-venta","status":"publish","type":"page","link":"https:\/\/www.loliercoop.com\/es\/condiciones-de-venta\/","title":{"rendered":"Condiciones de venta"},"content":{"rendered":"<p><strong>COSTO DE ENV\u00cdO<\/strong><\/p>\n<p>Pen\u00ednsula: 7 \u20ac, transporte gratuito a partir de 152 \u20ac de compra<br \/>\nFuera pen\u00ednsula: consultar condiciones.<\/p>\n<p><strong>PLAZO DE ENTREGA<\/strong><br \/>\n* Sin contar tiempo variable de manipulaci\u00f3n<\/p>\n<p>Pen\u00ednsula (entre 48 y 72 horas)<br \/>\n<strong>GARANTIA DE DEVOLUCI\u00d3N<\/strong><\/p>\n<p>Si nuestros productos no llegan en condiciones puede contactar con nosotros a trav\u00e9s de cualquier canal y le ofreceremos una soluci\u00f3n.<\/p>\n<p><strong>FORMAS DE PAGO<\/strong><\/p>\n<p>\u2022 Tarjeta de cr\u00e9dito El sistema de pago electr\u00f3nico de est\u00e1 adscrito a la pasarela de pago de comercio electr\u00f3nico de CECABANC.<br \/>\n\u00b7 Transferencia Banc\u00e1ria<\/p>\n","protected":false},"excerpt":{"rendered":"<p>COSTO DE ENV\u00cdO Pen\u00ednsula: 7 \u20ac, transporte gratuito a partir de 152 \u20ac de compra Fuera pen\u00ednsula: consultar condiciones. PLAZO DE ENTREGA * Sin contar tiempo variable de manipulaci\u00f3n Pen\u00ednsula (entre 48 y 72 horas) GARANTIA DE DEVOLUCI\u00d3N Si nuestros productos no llegan en condiciones puede contactar con nosotros a trav\u00e9s de cualquier canal y [&hellip;]<\/p>\n","protected":false},"author":1,"featured_media":0,"parent":0,"menu_order":0,"comment_status":"closed","ping_status":"closed","template":"page-custom1.php","meta":{"_acf_changed":false,"footnotes":""},"class_list":["post-457","page","type-page","status-publish","hentry"],"acf":[],"yoast_head":"<!-- This site is optimized with the Yoast SEO plugin v27.1.1 - https:\/\/yoast.com\/product\/yoast-seo-wordpress\/ -->\n<title>Condiciones de venta - Cooperativa dels Torms - L&#039;Olier<\/title>\n<meta name=\"robots\" content=\"index, follow, max-snippet:-1, max-image-preview:large, max-video-preview:-1\" \/>\n<link rel=\"canonical\" href=\"https:\/\/www.loliercoop.com\/es\/condiciones-de-venta\/\" \/>\n<meta property=\"og:locale\" content=\"es_ES\" \/>\n<meta property=\"og:type\" content=\"article\" \/>\n<meta property=\"og:title\" content=\"Condiciones de venta - Cooperativa dels Torms - L&#039;Olier\" \/>\n<meta property=\"og:description\" content=\"COSTO DE ENV\u00cdO Pen\u00ednsula: 7 \u20ac, transporte gratuito a partir de 152 \u20ac de compra Fuera pen\u00ednsula: consultar condiciones. PLAZO DE ENTREGA * Sin contar tiempo variable de manipulaci\u00f3n Pen\u00ednsula (entre 48 y 72 horas) GARANTIA DE DEVOLUCI\u00d3N Si nuestros productos no llegan en condiciones puede contactar con nosotros a trav\u00e9s de cualquier canal y [&hellip;]\" \/>\n<meta property=\"og:url\" content=\"https:\/\/www.loliercoop.com\/es\/condiciones-de-venta\/\" \/>\n<meta property=\"og:site_name\" content=\"Cooperativa dels Torms - L&#039;Olier\" \/>\n<meta property=\"article:modified_time\" content=\"2023-11-23T08:56:05+00:00\" \/>\n<meta name=\"twitter:card\" content=\"summary_large_image\" \/>\n<meta name=\"twitter:label1\" content=\"Tiempo de lectura\" \/>\n\t<meta name=\"twitter:data1\" content=\"1 minuto\" \/>\n<script type=\"application\/ld+json\" class=\"yoast-schema-graph\">{\"@context\":\"https:\/\/schema.org\",\"@graph\":[{\"@type\":\"WebPage\",\"@id\":\"https:\/\/www.loliercoop.com\/es\/condiciones-de-venta\/\",\"url\":\"https:\/\/www.loliercoop.com\/es\/condiciones-de-venta\/\",\"name\":\"Condiciones de venta - Cooperativa dels Torms - L&#039;Olier\",\"isPartOf\":{\"@id\":\"https:\/\/www.loliercoop.com\/es\/#website\"},\"datePublished\":\"2020-07-20T08:49:27+00:00\",\"dateModified\":\"2023-11-23T08:56:05+00:00\",\"breadcrumb\":{\"@id\":\"https:\/\/www.loliercoop.com\/es\/condiciones-de-venta\/#breadcrumb\"},\"inLanguage\":\"es\",\"potentialAction\":[{\"@type\":\"ReadAction\",\"target\":[\"https:\/\/www.loliercoop.com\/es\/condiciones-de-venta\/\"]}]},{\"@type\":\"BreadcrumbList\",\"@id\":\"https:\/\/www.loliercoop.com\/es\/condiciones-de-venta\/#breadcrumb\",\"itemListElement\":[{\"@type\":\"ListItem\",\"position\":1,\"name\":\"Inici\",\"item\":\"https:\/\/www.loliercoop.com\/es\/\"},{\"@type\":\"ListItem\",\"position\":2,\"name\":\"Condiciones de venta\"}]},{\"@type\":\"WebSite\",\"@id\":\"https:\/\/www.loliercoop.com\/es\/#website\",\"url\":\"https:\/\/www.loliercoop.com\/es\/\",\"name\":\"Cooperativa dels Torms - L&#039;Olier\",\"description\":\"Oli d&#039;Oliva Verge Extra\",\"potentialAction\":[{\"@type\":\"SearchAction\",\"target\":{\"@type\":\"EntryPoint\",\"urlTemplate\":\"https:\/\/www.loliercoop.com\/es\/?s={search_term_string}\"},\"query-input\":{\"@type\":\"PropertyValueSpecification\",\"valueRequired\":true,\"valueName\":\"search_term_string\"}}],\"inLanguage\":\"es\"}]}<\/script>\n<!-- \/ Yoast SEO plugin. -->","yoast_head_json":{"title":"Condiciones de venta - Cooperativa dels Torms - L&#039;Olier","robots":{"index":"index","follow":"follow","max-snippet":"max-snippet:-1","max-image-preview":"max-image-preview:large","max-video-preview":"max-video-preview:-1"},"canonical":"https:\/\/www.loliercoop.com\/es\/condiciones-de-venta\/","og_locale":"es_ES","og_type":"article","og_title":"Condiciones de venta - Cooperativa dels Torms - L&#039;Olier","og_description":"COSTO DE ENV\u00cdO Pen\u00ednsula: 7 \u20ac, transporte gratuito a partir de 152 \u20ac de compra Fuera pen\u00ednsula: consultar condiciones. PLAZO DE ENTREGA * Sin contar tiempo variable de manipulaci\u00f3n Pen\u00ednsula (entre 48 y 72 horas) GARANTIA DE DEVOLUCI\u00d3N Si nuestros productos no llegan en condiciones puede contactar con nosotros a trav\u00e9s de cualquier canal y [&hellip;]","og_url":"https:\/\/www.loliercoop.com\/es\/condiciones-de-venta\/","og_site_name":"Cooperativa dels Torms - L&#039;Olier","article_modified_time":"2023-11-23T08:56:05+00:00","twitter_card":"summary_large_image","twitter_misc":{"Tiempo de lectura":"1 minuto"},"schema":{"@context":"https:\/\/schema.org","@graph":[{"@type":"WebPage","@id":"https:\/\/www.loliercoop.com\/es\/condiciones-de-venta\/","url":"https:\/\/www.loliercoop.com\/es\/condiciones-de-venta\/","name":"Condiciones de venta - Cooperativa dels Torms - L&#039;Olier","isPartOf":{"@id":"https:\/\/www.loliercoop.com\/es\/#website"},"datePublished":"2020-07-20T08:49:27+00:00","dateModified":"2023-11-23T08:56:05+00:00","breadcrumb":{"@id":"https:\/\/www.loliercoop.com\/es\/condiciones-de-venta\/#breadcrumb"},"inLanguage":"es","potentialAction":[{"@type":"ReadAction","target":["https:\/\/www.loliercoop.com\/es\/condiciones-de-venta\/"]}]},{"@type":"BreadcrumbList","@id":"https:\/\/www.loliercoop.com\/es\/condiciones-de-venta\/#breadcrumb","itemListElement":[{"@type":"ListItem","position":1,"name":"Inici","item":"https:\/\/www.loliercoop.com\/es\/"},{"@type":"ListItem","position":2,"name":"Condiciones de venta"}]},{"@type":"WebSite","@id":"https:\/\/www.loliercoop.com\/es\/#website","url":"https:\/\/www.loliercoop.com\/es\/","name":"Cooperativa dels Torms - L&#039;Olier","description":"Oli d&#039;Oliva Verge Extra","potentialAction":[{"@type":"SearchAction","target":{"@type":"EntryPoint","urlTemplate":"https:\/\/www.loliercoop.com\/es\/?s={search_term_string}"},"query-input":{"@type":"PropertyValueSpecification","valueRequired":true,"valueName":"search_term_string"}}],"inLanguage":"es"}]}},"_links":{"self":[{"href":"https:\/\/www.loliercoop.com\/es\/wp-json\/wp\/v2\/pages\/457","targetHints":{"allow":["GET"]}}],"collection":[{"href":"https:\/\/www.loliercoop.com\/es\/wp-json\/wp\/v2\/pages"}],"about":[{"href":"https:\/\/www.loliercoop.com\/es\/wp-json\/wp\/v2\/types\/page"}],"author":[{"embeddable":true,"href":"https:\/\/www.loliercoop.com\/es\/wp-json\/wp\/v2\/users\/1"}],"replies":[{"embeddable":true,"href":"https:\/\/www.loliercoop.com\/es\/wp-json\/wp\/v2\/comments?post=457"}],"version-history":[{"count":6,"href":"https:\/\/www.loliercoop.com\/es\/wp-json\/wp\/v2\/pages\/457\/revisions"}],"predecessor-version":[{"id":4550,"href":"https:\/\/www.loliercoop.com\/es\/wp-json\/wp\/v2\/pages\/457\/revisions\/4550"}],"wp:attachment":[{"href":"https:\/\/www.loliercoop.com\/es\/wp-json\/wp\/v2\/media?parent=457"}],"curies":[{"name":"wp","href":"https:\/\/api.w.org\/{rel}","templated":true}]}}